{"id":2212,"date":"2018-05-01T15:17:04","date_gmt":"2018-05-01T13:17:04","guid":{"rendered":"https:\/\/c-s-s.website\/?page_id=2212"},"modified":"2019-07-01T23:13:25","modified_gmt":"2019-07-01T21:13:25","slug":"datenschutz","status":"publish","type":"page","link":"https:\/\/c-s-s.website\/de\/datenschutz\/","title":{"rendered":"Datenschutz"},"content":{"rendered":"<p>[et_pb_section fb_built=&#8220;1&#8243; _builder_version=&#8220;3.22.3&#8243;][et_pb_row module_class=&#8220; et_pb_row_fullwidth et_pb_row_fullwidth&#8220; _builder_version=&#8220;3.25&#8243; width=&#8220;89%&#8220; width_tablet=&#8220;80%&#8220; width_last_edited=&#8220;on|desktop&#8220; max_width=&#8220;89%&#8220; max_width_tablet=&#8220;80%&#8220; max_width_last_edited=&#8220;on|desktop&#8220; make_fullwidth=&#8220;on&#8220;][et_pb_column type=&#8220;4_4&#8243; _builder_version=&#8220;3.25&#8243; custom_padding=&#8220;|||&#8220; custom_padding__hover=&#8220;|||&#8220;][et_pb_text _builder_version=&#8220;3.25.3&#8243; z_index_tablet=&#8220;500&#8243; text_text_shadow_horizontal_length_tablet=&#8220;0px&#8220; text_text_shadow_vertical_length_tablet=&#8220;0px&#8220; text_text_shadow_blur_strength_tablet=&#8220;1px&#8220; link_text_shadow_horizontal_length_tablet=&#8220;0px&#8220; link_text_shadow_vertical_length_tablet=&#8220;0px&#8220; link_text_shadow_blur_strength_tablet=&#8220;1px&#8220; ul_text_shadow_horizontal_length_tablet=&#8220;0px&#8220; ul_text_shadow_vertical_length_tablet=&#8220;0px&#8220; ul_text_shadow_blur_strength_tablet=&#8220;1px&#8220; ol_text_shadow_horizontal_length_tablet=&#8220;0px&#8220; ol_text_shadow_vertical_length_tablet=&#8220;0px&#8220; ol_text_shadow_blur_strength_tablet=&#8220;1px&#8220; quote_text_shadow_horizontal_length_tablet=&#8220;0px&#8220; quote_text_shadow_vertical_length_tablet=&#8220;0px&#8220; quote_text_shadow_blur_strength_tablet=&#8220;1px&#8220; header_text_shadow_horizontal_length_tablet=&#8220;0px&#8220; header_text_shadow_vertical_length_tablet=&#8220;0px&#8220; header_text_shadow_blur_strength_tablet=&#8220;1px&#8220; header_2_text_shadow_horizontal_length_tablet=&#8220;0px&#8220; header_2_text_shadow_vertical_length_tablet=&#8220;0px&#8220; header_2_text_shadow_blur_strength_tablet=&#8220;1px&#8220; header_3_text_shadow_horizontal_length_tablet=&#8220;0px&#8220; header_3_text_shadow_vertical_length_tablet=&#8220;0px&#8220; header_3_text_shadow_blur_strength_tablet=&#8220;1px&#8220; header_4_text_shadow_horizontal_length_tablet=&#8220;0px&#8220; header_4_text_shadow_vertical_length_tablet=&#8220;0px&#8220; header_4_text_shadow_blur_strength_tablet=&#8220;1px&#8220; header_5_text_shadow_horizontal_length_tablet=&#8220;0px&#8220; header_5_text_shadow_vertical_length_tablet=&#8220;0px&#8220; header_5_text_shadow_blur_strength_tablet=&#8220;1px&#8220; header_6_text_shadow_horizontal_length_tablet=&#8220;0px&#8220; header_6_text_shadow_vertical_length_tablet=&#8220;0px&#8220; header_6_text_shadow_blur_strength_tablet=&#8220;1px&#8220; box_shadow_horizontal_tablet=&#8220;0px&#8220; box_shadow_vertical_tablet=&#8220;0px&#8220; box_shadow_blur_tablet=&#8220;40px&#8220; box_shadow_spread_tablet=&#8220;0px&#8220;]<\/p>\n<p><span style=\"color: #000000;\">Gernot R\u00fcdiger Frey<\/span><br \/><span style=\"color: #000000;\">Eichenstra\u00dfe 1, 96465 Neustadt, Deutschland<\/span><br \/><span style=\"color: #000000;\">grf[AT]c-s-s.website<\/span><br \/><span style=\"color: #000000;\">Internet: c-s-s.website<\/span><\/p>\n<p><span style=\"color: #000000;\">Datenschutzerkl\u00e4rung:<\/span><\/p>\n<p><span style=\"color: #000000;\">Wir nehmen den Schutz Ihrer pers\u00f6nlichen Daten sehr ernst. Demgem\u00e4\u00df behandeln wir Ihre personenbezogenen Daten vertraulich und den gesetzlichen Datenschutzvorschriften entsprechend.<\/span><\/p>\n<p><span style=\"color: #000000;\">Die Nutzung unserer Internetseite ist grunds\u00e4tzlich ohne Angabe personenbezogener Daten m\u00f6glich. Via E-Mail auf freiwilliger Basis \u00fcbermittelte Daten werden zwecks Bearbeitung der Anfrage und f\u00fcr den Fall von Anschlussfragen bei uns gespeichert. Diese Daten werden ohne Ihre ausdr\u00fcckliche Zustimmung nicht an Dritte weitergegeben. Dar\u00fcber hinaus weisen wir gem\u00e4\u00df Datenschutzverordnung auf Ihr Recht auf Auskunft, zur Berichtigung und L\u00f6schung gespeicherter Daten hin. Kontaktaufnahme \u00fcber die oben angegebenen Adressdaten.<br \/><\/span><\/p>\n<p><span style=\"color: #000000;\">Wir weisen au\u00dferdem darauf hin, dass die Daten\u00fcbertragung im Internet Sicherheitsl\u00fccken aufweisen kann. Ein l\u00fcckenloser Schutz der Daten vor dem Zugriff durch Dritte ist nicht m\u00f6glich.<\/span><\/p>\n<p><span style=\"color: #000000;\">Zust\u00e4ndige Aufsichtsbeh\u00f6rde: Bayerisches Landesamt f\u00fcr Datenschutzaufsicht<\/span><br \/><span style=\"color: #000000;\">Postfach 1349, 91504 Ansbach, Telefon: +49 (0) 981 180093 &#8211; 0, E-Mail: poststelle@lda.bayern.de, www.lda.bayern.de<\/span><\/p>\n<p>[\/et_pb_text][\/et_pb_column][\/et_pb_row][\/et_pb_section]<\/p>\n","protected":false},"excerpt":{"rendered":"<p>Gernot R\u00fcdiger FreyEichenstra\u00dfe 1, 96465 Neustadt, Deutschlandgrf[AT]c-s-s.websiteInternet: c-s-s.website Datenschutzerkl\u00e4rung: Wir nehmen den Schutz Ihrer pers\u00f6nlichen Daten sehr ernst. Demgem\u00e4\u00df behandeln wir Ihre personenbezogenen Daten vertraulich und den gesetzlichen Datenschutzvorschriften entsprechend. Die Nutzung unserer Internetseite ist grunds\u00e4tzlich ohne Angabe personenbezogener Daten m\u00f6glich. Via E-Mail auf freiwilliger Basis \u00fcbermittelte Daten werden zwecks Bearbeitung der Anfrage und f\u00fcr [&hellip;]<\/p>\n","protected":false},"author":1,"featured_media":0,"parent":0,"menu_order":0,"comment_status":"closed","ping_status":"closed","template":"","meta":{"_et_pb_use_builder":"on","_et_pb_old_content":"","_et_gb_content_width":"","footnotes":""},"class_list":["post-2212","page","type-page","status-publish","hentry"],"_links":{"self":[{"href":"https:\/\/c-s-s.website\/de\/wp-json\/wp\/v2\/pages\/2212","targetHints":{"allow":["GET"]}}],"collection":[{"href":"https:\/\/c-s-s.website\/de\/wp-json\/wp\/v2\/pages"}],"about":[{"href":"https:\/\/c-s-s.website\/de\/wp-json\/wp\/v2\/types\/page"}],"author":[{"embeddable":true,"href":"https:\/\/c-s-s.website\/de\/wp-json\/wp\/v2\/users\/1"}],"replies":[{"embeddable":true,"href":"https:\/\/c-s-s.website\/de\/wp-json\/wp\/v2\/comments?post=2212"}],"version-history":[{"count":5,"href":"https:\/\/c-s-s.website\/de\/wp-json\/wp\/v2\/pages\/2212\/revisions"}],"predecessor-version":[{"id":2348,"href":"https:\/\/c-s-s.website\/de\/wp-json\/wp\/v2\/pages\/2212\/revisions\/2348"}],"wp:attachment":[{"href":"https:\/\/c-s-s.website\/de\/wp-json\/wp\/v2\/media?parent=2212"}],"curies":[{"name":"wp","href":"https:\/\/api.w.org\/{rel}","templated":true}]}}