{"id":256,"date":"2015-07-01T15:06:33","date_gmt":"2015-07-01T14:06:33","guid":{"rendered":"https:\/\/c-s-s.website\/css-2\/"},"modified":"2022-12-18T12:24:07","modified_gmt":"2022-12-18T10:24:07","slug":"css","status":"publish","type":"page","link":"https:\/\/c-s-s.website\/de\/","title":{"rendered":"KSF"},"content":{"rendered":"<p>[et_pb_section fb_built=&#8220;1&#8243; inner_shadow=&#8220;on&#8220; fullwidth=&#8220;on&#8220; custom_padding_last_edited=&#8220;on|desktop&#8220; admin_label=&#8220;section&#8220; _builder_version=&#8220;4.16&#8243; background_color=&#8220;#daa520&#8243; custom_padding_tablet=&#8220;50px|0|50px|0&#8243; custom_padding_phone=&#8220;&#8220; transparent_background=&#8220;off&#8220; padding_mobile=&#8220;off&#8220; make_fullwidth=&#8220;off&#8220; use_custom_width=&#8220;off&#8220; width_unit=&#8220;on&#8220; global_colors_info=&#8220;{}&#8220;][et_pb_fullwidth_slider show_arrows=&#8220;off&#8220; show_pagination=&#8220;off&#8220; _builder_version=&#8220;4.19.4&#8243; background_position=&#8220;top_left&#8220; custom_padding=&#8220;|||&#8220; auto=&#8220;on&#8220; auto_speed=&#8220;5000&#8243; auto_ignore_hover=&#8220;on&#8220; hover_enabled=&#8220;0&#8243; custom_css_slide_title=&#8220;font-family: &#8218;Kotta One&#8216;, serif;&#8220; box_shadow_style=&#8220;preset6&#8243; box_shadow_blur=&#8220;10px&#8220; box_shadow_color=&#8220;rgba(0,0,0,0.1)&#8220; show_inner_shadow=&#8220;on&#8220; global_colors_info=&#8220;{}&#8220; button_text_size__hover_enabled=&#8220;off&#8220; button_one_text_size__hover_enabled=&#8220;off&#8220; button_two_text_size__hover_enabled=&#8220;off&#8220; button_text_color__hover_enabled=&#8220;off&#8220; button_one_text_color__hover_enabled=&#8220;off&#8220; button_two_text_color__hover_enabled=&#8220;off&#8220; button_border_width__hover_enabled=&#8220;off&#8220; button_one_border_width__hover_enabled=&#8220;off&#8220; button_two_border_width__hover_enabled=&#8220;off&#8220; button_border_color__hover_enabled=&#8220;off&#8220; button_one_border_color__hover_enabled=&#8220;off&#8220; button_two_border_color__hover_enabled=&#8220;off&#8220; button_border_radius__hover_enabled=&#8220;off&#8220; button_one_border_radius__hover_enabled=&#8220;off&#8220; button_two_border_radius__hover_enabled=&#8220;off&#8220; button_letter_spacing__hover_enabled=&#8220;off&#8220; button_one_letter_spacing__hover_enabled=&#8220;off&#8220; button_two_letter_spacing__hover_enabled=&#8220;off&#8220; button_bg_color__hover_enabled=&#8220;off&#8220; button_one_bg_color__hover_enabled=&#8220;off&#8220; button_two_bg_color__hover_enabled=&#8220;off&#8220; sticky_enabled=&#8220;0&#8243;][et_pb_slide heading=&#8220;Konkordante Schrift-Forschung&#8220; image=&#8220;https:\/\/c-s-s.website\/wp-content\/uploads\/2015\/07\/logo_CSS.png&#8220; use_bg_overlay=&#8220;off&#8220; use_text_overlay=&#8220;off&#8220; _builder_version=&#8220;4.19.4&#8243; header_line_height=&#8220;1.1em&#8220; background_position=&#8220;top_left&#8220; background_layout=&#8220;light&#8220; hover_enabled=&#8220;0&#8243; header_line_height_tablet=&#8220;1.1em&#8220; header_line_height_phone=&#8220;1.1em&#8220; header_line_height_last_edited=&#8220;on|phone&#8220; global_colors_info=&#8220;{}&#8220; sticky_transition=&#8220;on&#8220; button_text_size__hover_enabled=&#8220;off&#8220; button_one_text_size__hover_enabled=&#8220;off&#8220; button_two_text_size__hover_enabled=&#8220;off&#8220; button_text_color__hover_enabled=&#8220;off&#8220; button_one_text_color__hover_enabled=&#8220;off&#8220; button_two_text_color__hover_enabled=&#8220;off&#8220; button_border_width__hover_enabled=&#8220;off&#8220; button_one_border_width__hover_enabled=&#8220;off&#8220; button_two_border_width__hover_enabled=&#8220;off&#8220; button_border_color__hover_enabled=&#8220;off&#8220; button_one_border_color__hover_enabled=&#8220;off&#8220; button_two_border_color__hover_enabled=&#8220;off&#8220; button_border_radius__hover_enabled=&#8220;off&#8220; button_one_border_radius__hover_enabled=&#8220;off&#8220; button_two_border_radius__hover_enabled=&#8220;off&#8220; button_letter_spacing__hover_enabled=&#8220;off&#8220; button_one_letter_spacing__hover_enabled=&#8220;off&#8220; button_two_letter_spacing__hover_enabled=&#8220;off&#8220; button_bg_color__hover_enabled=&#8220;off&#8220; button_one_bg_color__hover_enabled=&#8220;off&#8220; button_two_bg_color__hover_enabled=&#8220;off&#8220; header_font=&#8220;Kotta One||||||||&#8220; sticky_enabled=&#8220;0&#8243;][\/et_pb_slide][et_pb_slide heading=&#8220; Nahest m\u00f6glich am Original&#8220; image=&#8220;https:\/\/c-s-s.website\/wp-content\/uploads\/2015\/07\/logo_CSS.png&#8220; use_bg_overlay=&#8220;off&#8220; use_text_overlay=&#8220;off&#8220; _builder_version=&#8220;4.16&#8243; header_line_height=&#8220;1.1em&#8220; background_position=&#8220;top_left&#8220; background_layout=&#8220;light&#8220; header_line_height_tablet=&#8220;1.1em&#8220; header_line_height_phone=&#8220;1.1em&#8220; header_line_height_last_edited=&#8220;on|phone&#8220; global_colors_info=&#8220;{}&#8220; sticky_transition=&#8220;on&#8220; button_text_size__hover_enabled=&#8220;off&#8220; button_one_text_size__hover_enabled=&#8220;off&#8220; button_two_text_size__hover_enabled=&#8220;off&#8220; button_text_color__hover_enabled=&#8220;off&#8220; button_one_text_color__hover_enabled=&#8220;off&#8220; button_two_text_color__hover_enabled=&#8220;off&#8220; button_border_width__hover_enabled=&#8220;off&#8220; button_one_border_width__hover_enabled=&#8220;off&#8220; button_two_border_width__hover_enabled=&#8220;off&#8220; button_border_color__hover_enabled=&#8220;off&#8220; button_one_border_color__hover_enabled=&#8220;off&#8220; button_two_border_color__hover_enabled=&#8220;off&#8220; button_border_radius__hover_enabled=&#8220;off&#8220; button_one_border_radius__hover_enabled=&#8220;off&#8220; button_two_border_radius__hover_enabled=&#8220;off&#8220; button_letter_spacing__hover_enabled=&#8220;off&#8220; button_one_letter_spacing__hover_enabled=&#8220;off&#8220; button_two_letter_spacing__hover_enabled=&#8220;off&#8220; button_bg_color__hover_enabled=&#8220;off&#8220; button_one_bg_color__hover_enabled=&#8220;off&#8220; button_two_bg_color__hover_enabled=&#8220;off&#8220;][\/et_pb_slide][et_pb_slide heading=&#8220;Zum Lobpreis der Herrlichkeit Gottes&#8220; image=&#8220;https:\/\/c-s-s.website\/wp-content\/uploads\/2015\/07\/logo_CSS.png&#8220; use_bg_overlay=&#8220;off&#8220; use_text_overlay=&#8220;off&#8220; _builder_version=&#8220;4.16&#8243; header_line_height=&#8220;1.1em&#8220; background_position=&#8220;top_left&#8220; background_layout=&#8220;light&#8220; header_line_height_tablet=&#8220;1.1em&#8220; header_line_height_phone=&#8220;1.1em&#8220; header_line_height_last_edited=&#8220;on|&#8220; global_colors_info=&#8220;{}&#8220; sticky_transition=&#8220;on&#8220; button_text_size__hover_enabled=&#8220;off&#8220; button_one_text_size__hover_enabled=&#8220;off&#8220; button_two_text_size__hover_enabled=&#8220;off&#8220; button_text_color__hover_enabled=&#8220;off&#8220; button_one_text_color__hover_enabled=&#8220;off&#8220; button_two_text_color__hover_enabled=&#8220;off&#8220; button_border_width__hover_enabled=&#8220;off&#8220; button_one_border_width__hover_enabled=&#8220;off&#8220; button_two_border_width__hover_enabled=&#8220;off&#8220; button_border_color__hover_enabled=&#8220;off&#8220; button_one_border_color__hover_enabled=&#8220;off&#8220; button_two_border_color__hover_enabled=&#8220;off&#8220; button_border_radius__hover_enabled=&#8220;off&#8220; button_one_border_radius__hover_enabled=&#8220;off&#8220; button_two_border_radius__hover_enabled=&#8220;off&#8220; button_letter_spacing__hover_enabled=&#8220;off&#8220; button_one_letter_spacing__hover_enabled=&#8220;off&#8220; button_two_letter_spacing__hover_enabled=&#8220;off&#8220; button_bg_color__hover_enabled=&#8220;off&#8220; button_one_bg_color__hover_enabled=&#8220;off&#8220; button_two_bg_color__hover_enabled=&#8220;off&#8220;][\/et_pb_slide][\/et_pb_fullwidth_slider][\/et_pb_section][et_pb_section fb_built=&#8220;1&#8243; admin_label=&#8220;section&#8220; _builder_version=&#8220;4.16&#8243; global_colors_info=&#8220;{}&#8220;][et_pb_row padding_mobile=&#8220;off&#8220; column_padding_mobile=&#8220;on&#8220; admin_label=&#8220;row&#8220; module_class=&#8220; et_pb_row_fullwidth&#8220; _builder_version=&#8220;4.16&#8243; background_size=&#8220;initial&#8220; background_position=&#8220;top_left&#8220; background_repeat=&#8220;repeat&#8220; width=&#8220;89%&#8220; width_tablet=&#8220;80%&#8220; width_last_edited=&#8220;on|desktop&#8220; max_width=&#8220;89%&#8220; max_width_tablet=&#8220;80%&#8220; max_width_last_edited=&#8220;on|desktop&#8220; make_fullwidth=&#8220;on&#8220; use_custom_width=&#8220;off&#8220; width_unit=&#8220;on&#8220; global_colors_info=&#8220;{}&#8220; width_phone=&#8220;80%&#8220; max_width_phone=&#8220;80%&#8220;][et_pb_column type=&#8220;4_4&#8243; _builder_version=&#8220;4.16&#8243; custom_padding=&#8220;|||&#8220; global_colors_info=&#8220;{}&#8220; custom_padding__hover=&#8220;|||&#8220;][et_pb_text _builder_version=&#8220;4.19.4&#8243; background_size=&#8220;initial&#8220; background_position=&#8220;top_left&#8220; background_repeat=&#8220;repeat&#8220; text_orientation=&#8220;justified&#8220; hover_enabled=&#8220;0&#8243; use_border_color=&#8220;off&#8220; border_color=&#8220;#ffffff&#8220; border_style=&#8220;solid&#8220; global_colors_info=&#8220;{}&#8220; sticky_enabled=&#8220;0&#8243; text_font=&#8220;Open Sans||||||||&#8220;]<\/p>\n<h3 style=\"text-align: center;\"><span style=\"color: #000000;\">Konkordante Schrift-Forschung<\/span><\/h3>\n<p style=\"text-align: center;\"><span style=\"color: #ffffff;\">_<\/span><\/p>\n<p style=\"text-align: justify;\"><span style=\"color: #000000;\"><em>Konkordant<\/em> bedeutet in dem hier dargestellten Zusammenhang vollkommene \u00dcbereinstimmung mit den Geweihten Schriften, wie sie in ihrer besterhaltenen Form auf uns gekommen sind.<\/span><\/p>\n<p style=\"text-align: justify;\"><span style=\"color: #000000;\">Wenn wir also \u00fcber die <em>Schrift<\/em> sprechen, kann sich das einzig und allein auf die Heilige Schrift in den Sprachen ihres Ursprungs beziehen.<\/span><\/p>\n<p style=\"text-align: justify;\"><span style=\"color: #000000;\">Diese Schriften konkordant zu <em>erforschen<\/em> wird in unmittelbare Ber\u00fchrung mit Gott Selbst f\u00fchren. Anderen Menschen dabei zu helfen, genau das selber zu tun, ohne griechisch, hebr\u00e4isch oder aram\u00e4isch zu verstehen, ist das erkl\u00e4rte Ziel dieser Internetseite.<\/span><\/p>\n<p style=\"text-align: justify;\"><span style=\"color: #000000;\">Weitere Informationen, systematisch geordnet, unter <a href=\"https:\/\/c-s-s.website\/de\/einf%c3%bchrung\/\" target=\"_blank\" rel=\"noopener\"><em>Einf\u00fchrung<\/em><\/a>, <a href=\"https:\/\/c-s-s.website\/de\/konk-idee\/\" target=\"_blank\" rel=\"noopener\"><em>Konk.Idee<\/em><\/a>, <a href=\"https:\/\/c-s-s.website\/de\/wortschatz\/\" target=\"_blank\" rel=\"noopener\"><em>Wortschatz<\/em><\/a>, <a href=\"https:\/\/c-s-s.website\/de\/grammatik\/\" target=\"_blank\" rel=\"noopener\"><em>Grammatik<\/em><\/a>.<\/span><\/p>\n<p style=\"text-align: justify;\"><span style=\"color: #000000;\">Materialien zum Selbststudium im <a href=\"https:\/\/c-s-s.website\/de\/download\/\" target=\"_blank\" rel=\"noopener\"><em>Download<\/em><\/a>-Bereich.<\/span><\/p>\n<p>[\/et_pb_text][\/et_pb_column][\/et_pb_row][\/et_pb_section]<\/p>\n","protected":false},"excerpt":{"rendered":"<p>Konkordante Schrift-Forschung _ Konkordant bedeutet in dem hier dargestellten Zusammenhang vollkommene \u00dcbereinstimmung mit den Geweihten Schriften, wie sie in ihrer besterhaltenen Form auf uns gekommen sind. Wenn wir also \u00fcber die Schrift sprechen, kann sich das einzig und allein auf die Heilige Schrift in den Sprachen ihres Ursprungs beziehen. Diese Schriften konkordant zu erforschen wird [&hellip;]<\/p>\n","protected":false},"author":1,"featured_media":0,"parent":0,"menu_order":0,"comment_status":"closed","ping_status":"closed","template":"","meta":{"_et_pb_use_builder":"on","_et_pb_old_content":"","_et_gb_content_width":"","footnotes":""},"class_list":["post-256","page","type-page","status-publish","hentry"],"_links":{"self":[{"href":"https:\/\/c-s-s.website\/de\/wp-json\/wp\/v2\/pages\/256","targetHints":{"allow":["GET"]}}],"collection":[{"href":"https:\/\/c-s-s.website\/de\/wp-json\/wp\/v2\/pages"}],"about":[{"href":"https:\/\/c-s-s.website\/de\/wp-json\/wp\/v2\/types\/page"}],"author":[{"embeddable":true,"href":"https:\/\/c-s-s.website\/de\/wp-json\/wp\/v2\/users\/1"}],"replies":[{"embeddable":true,"href":"https:\/\/c-s-s.website\/de\/wp-json\/wp\/v2\/comments?post=256"}],"version-history":[{"count":29,"href":"https:\/\/c-s-s.website\/de\/wp-json\/wp\/v2\/pages\/256\/revisions"}],"predecessor-version":[{"id":2467,"href":"https:\/\/c-s-s.website\/de\/wp-json\/wp\/v2\/pages\/256\/revisions\/2467"}],"wp:attachment":[{"href":"https:\/\/c-s-s.website\/de\/wp-json\/wp\/v2\/media?parent=256"}],"curies":[{"name":"wp","href":"https:\/\/api.w.org\/{rel}","templated":true}]}}