{"id":338,"date":"2015-07-01T20:29:46","date_gmt":"2015-07-01T19:29:46","guid":{"rendered":"https:\/\/c-s-s.website\/vocabulary-2\/"},"modified":"2015-09-09T17:22:51","modified_gmt":"2015-09-09T16:22:51","slug":"wortschatz","status":"publish","type":"page","link":"https:\/\/c-s-s.website\/de\/wortschatz\/","title":{"rendered":"Wortschatz"},"content":{"rendered":"<p>[et_pb_section admin_label=&#8220;section&#8220;][et_pb_row admin_label=&#8220;row&#8220; make_fullwidth=&#8220;on&#8220; use_custom_width=&#8220;off&#8220; width_unit=&#8220;on&#8220; use_custom_gutter=&#8220;off&#8220; padding_mobile=&#8220;off&#8220; allow_player_pause=&#8220;off&#8220; parallax=&#8220;off&#8220; parallax_method=&#8220;off&#8220; make_equal=&#8220;off&#8220;][et_pb_column type=&#8220;4_4&#8243;][et_pb_text admin_label=&#8220;Text&#8220; background_layout=&#8220;light&#8220; text_orientation=&#8220;justified&#8220; use_border_color=&#8220;off&#8220; border_color=&#8220;#ffffff&#8220; border_style=&#8220;solid&#8220;]<\/p>\n<h3 style=\"text-align: center;\"><span style=\"color: #000000;\">Der Wortschatz<\/span><\/h3>\n<p style=\"text-align: center;\"><span style=\"color: #ffffff;\">_<\/span><\/p>\n<p style=\"text-align: justify;\"><span style=\"color: #000000;\">Benutzt man die Bezeichnung Wortschatz schon im gew\u00f6hnlichen, profanen Sprachgebrauch, wie viel mehr gewinnt sie an Bedeutung, wenn auf das Wort Gottes angewandt. Es ist dieser Schatz wahrhaft der gr\u00f6\u00dfte, den wir Menschen besitzen. Jedem aufrichtigen Wahrheitssucher schl\u00e4gt das Herz h\u00f6her, kann er sich diesen Schatz weiter erschlie\u00dfen. Das zu erm\u00f6glichen, ist die Absicht der <em><a href=\"https:\/\/c-s-s.website\/de\/konk-idee\/\" target=\"_blank\">konkordanten Idee<\/a><\/em>. Dazu wurde, als Basis f\u00fcr eine konkordante \u00dcbersetzung, der gesamte Wortschatz des Gotteswortes in seine kleinsten Elemente zerlegt, die eine sprachliche Bedeutung haben (Morpheme). Diesen Elementen wurden im Weiteren einheitliche deutsche STANDARDS zugeordnet, die wiederum jeweils nur einmal vergeben wurden, sodass keinerlei Bedeutungs\u00fcberschneidungen auftreten k\u00f6nnen. Um die gesamte Bedeutungsvielfalt eines jeden Wortes ausdr\u00fccken zu k\u00f6nnen, wurden diese STANDARDS allen Grundformen (Lemmata) des Grundtext-Vokabulars angepasst und erhielten au\u00dferdem erg\u00e4nzende idiomatische Varianten, die, ebenso wie die STANDARDS selbst, mittels Konkordanzstudium aus dem Sprachgebrauch der Heiligen Urkunden hergeleitet sind.<\/span><\/p>\n<p>[\/et_pb_text][\/et_pb_column][\/et_pb_row][\/et_pb_section][et_pb_section admin_label=&#8220;section&#8220; fullwidth=&#8220;off&#8220; specialty=&#8220;off&#8220; transparent_background=&#8220;off&#8220; background_color=&#8220;#daa520&#8243; allow_player_pause=&#8220;off&#8220; inner_shadow=&#8220;off&#8220; parallax=&#8220;off&#8220; parallax_method=&#8220;off&#8220; padding_mobile=&#8220;off&#8220; make_fullwidth=&#8220;off&#8220; use_custom_width=&#8220;off&#8220; width_unit=&#8220;on&#8220; make_equal=&#8220;off&#8220; use_custom_gutter=&#8220;off&#8220;][et_pb_row admin_label=&#8220;row&#8220; make_fullwidth=&#8220;off&#8220; use_custom_width=&#8220;off&#8220; width_unit=&#8220;on&#8220; use_custom_gutter=&#8220;off&#8220; padding_mobile=&#8220;off&#8220; allow_player_pause=&#8220;off&#8220; parallax=&#8220;off&#8220; parallax_method=&#8220;off&#8220; make_equal=&#8220;off&#8220;][et_pb_column type=&#8220;1_2&#8243;][et_pb_blurb admin_label=&#8220;Blurb&#8220; title=&#8220;Griechisch&#8220; url_new_window=&#8220;on&#8220; use_icon=&#8220;off&#8220; icon_color=&#8220;#daa520&#8243; use_circle=&#8220;off&#8220; circle_color=&#8220;#daa520&#8243; use_circle_border=&#8220;off&#8220; circle_border_color=&#8220;#daa520&#8243; image=&#8220;https:\/\/c-s-s.website\/wp-content\/uploads\/2015\/07\/logo_CSS1-e1435778851167.png&#8220; icon_placement=&#8220;top&#8220; animation=&#8220;top&#8220; background_layout=&#8220;light&#8220; text_orientation=&#8220;center&#8220; use_icon_font_size=&#8220;off&#8220; use_border_color=&#8220;off&#8220; border_color=&#8220;#ffffff&#8220; border_style=&#8220;solid&#8220; url=&#8220;https:\/\/c-s-s.website\/de\/wortschatz\/griechischer-wortschatz\/&#8220; custom_css_blurb_title=&#8220;font-family: &#8218;Open Sans&#8216;, sans-serif;&#8220;] [\/et_pb_blurb][\/et_pb_column][et_pb_column type=&#8220;1_2&#8243;][et_pb_blurb admin_label=&#8220;Blurb&#8220; title=&#8220;Hebr\u00e4isch&#8220; url_new_window=&#8220;on&#8220; use_icon=&#8220;off&#8220; icon_color=&#8220;#daa520&#8243; use_circle=&#8220;off&#8220; circle_color=&#8220;#daa520&#8243; use_circle_border=&#8220;off&#8220; circle_border_color=&#8220;#daa520&#8243; image=&#8220;https:\/\/c-s-s.website\/wp-content\/uploads\/2015\/07\/logo_CSS1-e1435778851167.png&#8220; icon_placement=&#8220;top&#8220; animation=&#8220;top&#8220; background_layout=&#8220;light&#8220; text_orientation=&#8220;center&#8220; use_icon_font_size=&#8220;off&#8220; use_border_color=&#8220;off&#8220; border_color=&#8220;#ffffff&#8220; border_style=&#8220;solid&#8220; url=&#8220;https:\/\/c-s-s.website\/de\/wortschatz\/hebr%c3%a4ischer-wortschatz\/&#8220; custom_css_blurb_title=&#8220;font-family: &#8218;Open Sans&#8216;, sans-serif;&#8220;] [\/et_pb_blurb][\/et_pb_column][\/et_pb_row][\/et_pb_section][et_pb_section admin_label=&#8220;section&#8220; fullwidth=&#8220;off&#8220; specialty=&#8220;off&#8220;][et_pb_row admin_label=&#8220;row&#8220; make_fullwidth=&#8220;on&#8220; use_custom_width=&#8220;off&#8220; width_unit=&#8220;on&#8220; use_custom_gutter=&#8220;off&#8220; padding_mobile=&#8220;off&#8220; allow_player_pause=&#8220;off&#8220; parallax=&#8220;off&#8220; parallax_method=&#8220;off&#8220; make_equal=&#8220;off&#8220;][et_pb_column type=&#8220;4_4&#8243;][et_pb_divider admin_label=&#8220;Divider&#8220; color=&#8220;#ffffff&#8220; show_divider=&#8220;off&#8220; divider_style=&#8220;solid&#8220; divider_position=&#8220;top&#8220; hide_on_mobile=&#8220;on&#8220;] [\/et_pb_divider][\/et_pb_column][\/et_pb_row][\/et_pb_section]<\/p>\n","protected":false},"excerpt":{"rendered":"<p>Der Wortschatz _ Benutzt man die Bezeichnung Wortschatz schon im gew\u00f6hnlichen, profanen Sprachgebrauch, wie viel mehr gewinnt sie an Bedeutung, wenn auf das Wort Gottes angewandt. Es ist dieser Schatz wahrhaft der gr\u00f6\u00dfte, den wir Menschen besitzen. Jedem aufrichtigen Wahrheitssucher schl\u00e4gt das Herz h\u00f6her, kann er sich diesen Schatz weiter erschlie\u00dfen. Das zu erm\u00f6glichen, ist [&hellip;]<\/p>\n","protected":false},"author":1,"featured_media":0,"parent":0,"menu_order":3,"comment_status":"closed","ping_status":"closed","template":"","meta":{"_et_pb_use_builder":"on","_et_pb_old_content":"","_et_gb_content_width":"","footnotes":""},"class_list":["post-338","page","type-page","status-publish","hentry"],"_links":{"self":[{"href":"https:\/\/c-s-s.website\/de\/wp-json\/wp\/v2\/pages\/338","targetHints":{"allow":["GET"]}}],"collection":[{"href":"https:\/\/c-s-s.website\/de\/wp-json\/wp\/v2\/pages"}],"about":[{"href":"https:\/\/c-s-s.website\/de\/wp-json\/wp\/v2\/types\/page"}],"author":[{"embeddable":true,"href":"https:\/\/c-s-s.website\/de\/wp-json\/wp\/v2\/users\/1"}],"replies":[{"embeddable":true,"href":"https:\/\/c-s-s.website\/de\/wp-json\/wp\/v2\/comments?post=338"}],"version-history":[{"count":16,"href":"https:\/\/c-s-s.website\/de\/wp-json\/wp\/v2\/pages\/338\/revisions"}],"predecessor-version":[{"id":1686,"href":"https:\/\/c-s-s.website\/de\/wp-json\/wp\/v2\/pages\/338\/revisions\/1686"}],"wp:attachment":[{"href":"https:\/\/c-s-s.website\/de\/wp-json\/wp\/v2\/media?parent=338"}],"curies":[{"name":"wp","href":"https:\/\/api.w.org\/{rel}","templated":true}]}}