{"id":433,"date":"2015-07-01T22:23:27","date_gmt":"2015-07-01T21:23:27","guid":{"rendered":"https:\/\/c-s-s.website\/hebrew-grammar-2\/"},"modified":"2015-09-09T17:20:49","modified_gmt":"2015-09-09T16:20:49","slug":"hebr%c3%a4ische-grammatik","status":"publish","type":"page","link":"https:\/\/c-s-s.website\/de\/grammatik\/hebr%c3%a4ische-grammatik\/","title":{"rendered":"Hebr\u00e4ische Grammatik"},"content":{"rendered":"<p>[et_pb_section admin_label=&#8221;section&#8221;][et_pb_row admin_label=&#8221;row&#8221; make_fullwidth=&#8221;on&#8221; use_custom_width=&#8221;off&#8221; width_unit=&#8221;on&#8221; use_custom_gutter=&#8221;off&#8221; padding_mobile=&#8221;off&#8221; allow_player_pause=&#8221;off&#8221; parallax=&#8221;off&#8221; parallax_method=&#8221;off&#8221; make_equal=&#8221;off&#8221;][et_pb_column type=&#8221;4_4&#8243;][et_pb_text admin_label=&#8221;Text&#8221; background_layout=&#8221;light&#8221; text_orientation=&#8221;justified&#8221; use_border_color=&#8221;off&#8221; border_color=&#8221;#ffffff&#8221; border_style=&#8221;solid&#8221;]<\/p>\n<h3 style=\"text-align: center;\"><span style=\"color: #000000;\">Die hebr\u00e4ische Grammatik<\/span><\/h3>\n<p style=\"text-align: center;\"><span style=\"color: #ffffff;\">_<\/span><\/p>\n<p style=\"text-align: justify;\"><span style=\"color: #000000;\">Nach dem Muster der Vorgehensweise in den griechischen Heiligen Schriften sind auch im hebr\u00e4ischen\/aram\u00e4ischen Text die grammatischen Formen, ebenso wie der Sprachschatz, in ihre kleinstm\u00f6glichen Elemente zerlegt und einer genauesten Untersuchung hinsichtlich ihrer Funktion unterzogen worden. Dies hat, wie schon im Griechischen, zu einer Betrachtungsweise der Grammatik gef\u00fchrt, die sich von der schulm\u00e4\u00dfigen in etlichen Punkten unterscheidet, die aber zu wesentlich befriedigenderen Ergebnissen und Erkl\u00e4rungen kommt und vor allem ein einheitliches \u00dcbersetzen \u00fcberein mit dem Grundtext erm\u00f6glicht. Allerdings ist die Arbeit am hebr\u00e4ischen Parsing noch nicht abgeschlossen, sodass wir noch keine Ergebnisse vorlegen k\u00f6nnen. Wir erwarten jedoch, dies, in der Gnade unseres Gottes, in nicht allzu ferner Zukunft tun zu k\u00f6nnen.<\/span><\/p>\n<p>[\/et_pb_text][\/et_pb_column][\/et_pb_row][\/et_pb_section]<\/p>\n","protected":false},"excerpt":{"rendered":"<p>Die hebr\u00e4ische Grammatik _ Nach dem Muster der Vorgehensweise in den griechischen Heiligen Schriften sind auch im hebr\u00e4ischen\/aram\u00e4ischen Text die grammatischen Formen, ebenso wie der Sprachschatz, in ihre kleinstm\u00f6glichen Elemente zerlegt und einer genauesten Untersuchung hinsichtlich ihrer Funktion unterzogen worden. Dies hat, wie schon im Griechischen, zu einer Betrachtungsweise der Grammatik gef\u00fchrt, die sich von [&hellip;]<\/p>\n","protected":false},"author":1,"featured_media":0,"parent":481,"menu_order":8,"comment_status":"closed","ping_status":"closed","template":"","meta":{"_et_pb_use_builder":"on","_et_pb_old_content":"","_et_gb_content_width":"","footnotes":""},"class_list":["post-433","page","type-page","status-publish","hentry"],"_links":{"self":[{"href":"https:\/\/c-s-s.website\/de\/wp-json\/wp\/v2\/pages\/433","targetHints":{"allow":["GET"]}}],"collection":[{"href":"https:\/\/c-s-s.website\/de\/wp-json\/wp\/v2\/pages"}],"about":[{"href":"https:\/\/c-s-s.website\/de\/wp-json\/wp\/v2\/types\/page"}],"author":[{"embeddable":true,"href":"https:\/\/c-s-s.website\/de\/wp-json\/wp\/v2\/users\/1"}],"replies":[{"embeddable":true,"href":"https:\/\/c-s-s.website\/de\/wp-json\/wp\/v2\/comments?post=433"}],"version-history":[{"count":5,"href":"https:\/\/c-s-s.website\/de\/wp-json\/wp\/v2\/pages\/433\/revisions"}],"predecessor-version":[{"id":1701,"href":"https:\/\/c-s-s.website\/de\/wp-json\/wp\/v2\/pages\/433\/revisions\/1701"}],"up":[{"embeddable":true,"href":"https:\/\/c-s-s.website\/de\/wp-json\/wp\/v2\/pages\/481"}],"wp:attachment":[{"href":"https:\/\/c-s-s.website\/de\/wp-json\/wp\/v2\/media?parent=433"}],"curies":[{"name":"wp","href":"https:\/\/api.w.org\/{rel}","templated":true}]}}