{"id":481,"date":"2015-07-01T23:02:09","date_gmt":"2015-07-01T22:02:09","guid":{"rendered":"https:\/\/c-s-s.website\/?page_id=481"},"modified":"2015-09-09T17:16:30","modified_gmt":"2015-09-09T16:16:30","slug":"grammatik","status":"publish","type":"page","link":"https:\/\/c-s-s.website\/de\/grammatik\/","title":{"rendered":"Grammatik"},"content":{"rendered":"<p>[et_pb_section admin_label=&#8220;section&#8220;][et_pb_row admin_label=&#8220;row&#8220; make_fullwidth=&#8220;on&#8220; use_custom_width=&#8220;off&#8220; width_unit=&#8220;on&#8220; use_custom_gutter=&#8220;off&#8220; padding_mobile=&#8220;off&#8220; allow_player_pause=&#8220;off&#8220; parallax=&#8220;off&#8220; parallax_method=&#8220;off&#8220; make_equal=&#8220;off&#8220;][et_pb_column type=&#8220;4_4&#8243;][et_pb_text admin_label=&#8220;Text&#8220; background_layout=&#8220;light&#8220; text_orientation=&#8220;justified&#8220; use_border_color=&#8220;off&#8220; border_color=&#8220;#ffffff&#8220; border_style=&#8220;solid&#8220;]<\/p>\n<h3 style=\"text-align: center;\"><span style=\"color: #000000;\">Die Grammatik<br \/>\n<\/span><\/h3>\n<p style=\"text-align: center;\"><span style=\"color: #ffffff;\">_<\/span><\/p>\n<p style=\"text-align: justify;\"><span style=\"color: #000000;\">Die Grammatik, wie wir sie hier betrachten, befasst sich mit den Regeln des Satzbaus und den entsprechenden Ver\u00e4nderungen, denen die verschiedenen Wortarten im Satz untergeordnet sind, durch Deklination bzw. Konjugation bei den Verben. Wie im Artikel <em><a href=\"https:\/\/c-s-s.website\/de\/konk-idee\/\" target=\"_blank\">Die konkordante Idee<\/a><\/em> bereits ausf\u00fchrlich dargelegt, sind, ebenso wie der Sprachschatz, auch die grammatischen Formen in ihre kleinstm\u00f6glichen Elemente zerlegt und einer genauesten Untersuchung hinsichtlich ihrer Funktion unterzogen worden. Das f\u00fchrte letztendlich zu einer Betrachtungsweise der Grammatik, die sich von der schulm\u00e4\u00dfigen in etlichen Punkten unterscheidet, die aber zu wesentlich befriedigenderen Ergebnissen und Erkl\u00e4rungen kommt und vor allem ein einheitliches \u00dcbersetzen \u00fcberein mit dem Grundtext m\u00f6glich macht.<\/span><\/p>\n<p>[\/et_pb_text][\/et_pb_column][\/et_pb_row][\/et_pb_section][et_pb_section admin_label=&#8220;section&#8220; fullwidth=&#8220;off&#8220; specialty=&#8220;off&#8220; transparent_background=&#8220;off&#8220; background_color=&#8220;#daa520&#8243; allow_player_pause=&#8220;off&#8220; inner_shadow=&#8220;off&#8220; parallax=&#8220;off&#8220; parallax_method=&#8220;off&#8220; padding_mobile=&#8220;off&#8220; make_fullwidth=&#8220;off&#8220; use_custom_width=&#8220;off&#8220; width_unit=&#8220;on&#8220; make_equal=&#8220;off&#8220; use_custom_gutter=&#8220;off&#8220;][et_pb_row admin_label=&#8220;row&#8220; make_fullwidth=&#8220;off&#8220; use_custom_width=&#8220;off&#8220; width_unit=&#8220;on&#8220; use_custom_gutter=&#8220;off&#8220; padding_mobile=&#8220;off&#8220; allow_player_pause=&#8220;off&#8220; parallax=&#8220;off&#8220; parallax_method=&#8220;off&#8220; make_equal=&#8220;off&#8220;][et_pb_column type=&#8220;1_2&#8243;][et_pb_blurb admin_label=&#8220;Blurb&#8220; title=&#8220;Griechisch&#8220; url_new_window=&#8220;on&#8220; use_icon=&#8220;off&#8220; icon_color=&#8220;#daa520&#8243; use_circle=&#8220;off&#8220; circle_color=&#8220;#daa520&#8243; use_circle_border=&#8220;off&#8220; circle_border_color=&#8220;#daa520&#8243; image=&#8220;https:\/\/c-s-s.website\/wp-content\/uploads\/2015\/07\/logo_CSS1-e1435778851167.png&#8220; icon_placement=&#8220;top&#8220; animation=&#8220;top&#8220; background_layout=&#8220;light&#8220; text_orientation=&#8220;center&#8220; use_icon_font_size=&#8220;off&#8220; use_border_color=&#8220;off&#8220; border_color=&#8220;#ffffff&#8220; border_style=&#8220;solid&#8220; url=&#8220;https:\/\/c-s-s.website\/de\/grammatik\/griechische-grammatik\/&#8220; custom_css_blurb_title=&#8220;font-family: &#8218;Open Sans&#8216;, sans-serif;&#8220;] [\/et_pb_blurb][\/et_pb_column][et_pb_column type=&#8220;1_2&#8243;][et_pb_blurb admin_label=&#8220;Blurb&#8220; title=&#8220;Hebr\u00e4isch&#8220; url_new_window=&#8220;on&#8220; use_icon=&#8220;off&#8220; icon_color=&#8220;#daa520&#8243; use_circle=&#8220;off&#8220; circle_color=&#8220;#daa520&#8243; use_circle_border=&#8220;off&#8220; circle_border_color=&#8220;#daa520&#8243; image=&#8220;https:\/\/c-s-s.website\/wp-content\/uploads\/2015\/07\/logo_CSS1-e1435778851167.png&#8220; icon_placement=&#8220;top&#8220; animation=&#8220;top&#8220; background_layout=&#8220;light&#8220; text_orientation=&#8220;center&#8220; use_icon_font_size=&#8220;off&#8220; use_border_color=&#8220;off&#8220; border_color=&#8220;#ffffff&#8220; border_style=&#8220;solid&#8220; url=&#8220;https:\/\/c-s-s.website\/de\/grammatik\/hebr%c3%a4ische-grammatik\/&#8220; custom_css_blurb_title=&#8220;font-family: &#8218;Open Sans&#8216;, sans-serif;&#8220;] [\/et_pb_blurb][\/et_pb_column][\/et_pb_row][\/et_pb_section][et_pb_section admin_label=&#8220;section&#8220; fullwidth=&#8220;off&#8220; specialty=&#8220;off&#8220;][et_pb_row admin_label=&#8220;row&#8220; make_fullwidth=&#8220;on&#8220; use_custom_width=&#8220;off&#8220; width_unit=&#8220;on&#8220; use_custom_gutter=&#8220;off&#8220; padding_mobile=&#8220;off&#8220; allow_player_pause=&#8220;off&#8220; parallax=&#8220;off&#8220; parallax_method=&#8220;off&#8220; make_equal=&#8220;off&#8220;][et_pb_column type=&#8220;4_4&#8243;][et_pb_divider admin_label=&#8220;Divider&#8220; color=&#8220;#ffffff&#8220; show_divider=&#8220;off&#8220; divider_style=&#8220;solid&#8220; divider_position=&#8220;top&#8220; hide_on_mobile=&#8220;on&#8220;] [\/et_pb_divider][\/et_pb_column][\/et_pb_row][\/et_pb_section]<\/p>\n","protected":false},"excerpt":{"rendered":"<p>Die Grammatik _ Die Grammatik, wie wir sie hier betrachten, befasst sich mit den Regeln des Satzbaus und den entsprechenden Ver\u00e4nderungen, denen die verschiedenen Wortarten im Satz untergeordnet sind, durch Deklination bzw. Konjugation bei den Verben. Wie im Artikel Die konkordante Idee bereits ausf\u00fchrlich dargelegt, sind, ebenso wie der Sprachschatz, auch die grammatischen Formen in [&hellip;]<\/p>\n","protected":false},"author":1,"featured_media":0,"parent":0,"menu_order":2,"comment_status":"closed","ping_status":"closed","template":"","meta":{"_et_pb_use_builder":"on","_et_pb_old_content":"","_et_gb_content_width":"","footnotes":""},"class_list":["post-481","page","type-page","status-publish","hentry"],"_links":{"self":[{"href":"https:\/\/c-s-s.website\/de\/wp-json\/wp\/v2\/pages\/481","targetHints":{"allow":["GET"]}}],"collection":[{"href":"https:\/\/c-s-s.website\/de\/wp-json\/wp\/v2\/pages"}],"about":[{"href":"https:\/\/c-s-s.website\/de\/wp-json\/wp\/v2\/types\/page"}],"author":[{"embeddable":true,"href":"https:\/\/c-s-s.website\/de\/wp-json\/wp\/v2\/users\/1"}],"replies":[{"embeddable":true,"href":"https:\/\/c-s-s.website\/de\/wp-json\/wp\/v2\/comments?post=481"}],"version-history":[{"count":15,"href":"https:\/\/c-s-s.website\/de\/wp-json\/wp\/v2\/pages\/481\/revisions"}],"predecessor-version":[{"id":1695,"href":"https:\/\/c-s-s.website\/de\/wp-json\/wp\/v2\/pages\/481\/revisions\/1695"}],"wp:attachment":[{"href":"https:\/\/c-s-s.website\/de\/wp-json\/wp\/v2\/media?parent=481"}],"curies":[{"name":"wp","href":"https:\/\/api.w.org\/{rel}","templated":true}]}}