{"id":605,"date":"2015-07-02T20:17:23","date_gmt":"2015-07-02T19:17:23","guid":{"rendered":"https:\/\/c-s-s.website\/isa-2\/"},"modified":"2018-01-05T17:04:51","modified_gmt":"2018-01-05T15:04:51","slug":"isa","status":"publish","type":"page","link":"https:\/\/c-s-s.website\/de\/isa\/","title":{"rendered":"ISA"},"content":{"rendered":"<p>[et_pb_section bb_built=&#8220;1&#8243; admin_label=&#8220;section&#8220;][et_pb_row admin_label=&#8220;row&#8220; make_fullwidth=&#8220;on&#8220; use_custom_width=&#8220;off&#8220; width_unit=&#8220;on&#8220; use_custom_gutter=&#8220;off&#8220; padding_mobile=&#8220;off&#8220; allow_player_pause=&#8220;off&#8220; parallax=&#8220;off&#8220; parallax_method=&#8220;off&#8220; make_equal=&#8220;off&#8220; background_position=&#8220;top_left&#8220; background_repeat=&#8220;repeat&#8220; background_size=&#8220;initial&#8220;][et_pb_column type=&#8220;4_4&#8243;][et_pb_text background_layout=&#8220;light&#8220; text_orientation=&#8220;justified&#8220; use_border_color=&#8220;off&#8220; background_position=&#8220;top_left&#8220; background_repeat=&#8220;repeat&#8220; background_size=&#8220;initial&#8220; _builder_version=&#8220;3.0.93&#8243;]<\/p>\n<h3 style=\"text-align: center;\"><span style=\"color: #000000;\">Interlinear Scripture Analyzer<\/span><\/h3>\n<p style=\"text-align: center;\"><span style=\"color: #ffffff;\">_<\/span><\/p>\n<p style=\"text-align: justify;\"><span style=\"color: #000000;\">Das meiste hier ver\u00f6ffentlichte Datenmaterial wurde mit der leistungsf\u00e4higsten Computer-Software erstellt, um effektiv <em>konkordante Schriftforschung<\/em> zu betreiben, die wir uns vorstellen k\u00f6nnen, dem <em><a href=\"http:\/\/scripture4all.org\/\" target=\"_blank\" rel=\"noopener\">Interlinear Scripture Analyzer (ISA)<\/a><\/em>. Mit verschiedenen integrierten konkordanten Grundtext-Interlinearen, seinen spezifischen Werkzeugen, wie der Suchanfrage, welche die Suchergebnisse in Konkordanzfunktion anzeigt, oder dem Konkordanten Blick\u00b9, der \u00fcbersichtlich Vergleiche zwischen verschiedenen Interlinearen in Bezug auf ein Suchwort erm\u00f6glicht, au\u00dferdem mit \u00dcbersetzungen, die zum Teil mit dem griechischen und hebr\u00e4ischen Text verlinkt\u00b2 sind, ist ISA das ideale Instrument, die Schrift konkordant zu studieren und zu erforschen. Dar\u00fcber hinaus ist ISA schnell und zudem leicht zu bedienen. Mit ISA ist es jedem Nutzer m\u00f6glich, die Sprachbarriere zu \u00fcberwinden und in direkte Ber\u00fchrung mit dem Original zu kommen, um selbst\u00e4ndig und umfassend konkordante Schriftforschung zu betreiben. Weitere Informationen gibt es auf <em><a href=\"http:\/\/scripture4all.org\/\" target=\"_blank\" rel=\"noopener\">scripture4all.org<\/a><\/em>.<\/span><\/p>\n<hr \/>\n<p style=\"text-align: justify;\"><span style=\"color: #000000;\">\u00b9 In Deutsch nur in der Pro-Version erh\u00e4ltlich.<br \/>\n<\/span><\/p>\n<p><span style=\"color: #000000;\">\u00b2 Ausschlie\u00dflich in der Pro-Version.<br \/>\n<\/span><\/p>\n<p>[\/et_pb_text][\/et_pb_column][\/et_pb_row][\/et_pb_section]<\/p>\n","protected":false},"excerpt":{"rendered":"<p>Interlinear Scripture Analyzer _ Das meiste hier ver\u00f6ffentlichte Datenmaterial wurde mit der leistungsf\u00e4higsten Computer-Software erstellt, um effektiv konkordante Schriftforschung zu betreiben, die wir uns vorstellen k\u00f6nnen, dem Interlinear Scripture Analyzer (ISA). Mit verschiedenen integrierten konkordanten Grundtext-Interlinearen, seinen spezifischen Werkzeugen, wie der Suchanfrage, welche die Suchergebnisse in Konkordanzfunktion anzeigt, oder dem Konkordanten Blick\u00b9, der \u00fcbersichtlich Vergleiche [&hellip;]<\/p>\n","protected":false},"author":1,"featured_media":0,"parent":0,"menu_order":0,"comment_status":"closed","ping_status":"closed","template":"","meta":{"_et_pb_use_builder":"on","_et_pb_old_content":"","_et_gb_content_width":"","footnotes":""},"class_list":["post-605","page","type-page","status-publish","hentry"],"_links":{"self":[{"href":"https:\/\/c-s-s.website\/de\/wp-json\/wp\/v2\/pages\/605","targetHints":{"allow":["GET"]}}],"collection":[{"href":"https:\/\/c-s-s.website\/de\/wp-json\/wp\/v2\/pages"}],"about":[{"href":"https:\/\/c-s-s.website\/de\/wp-json\/wp\/v2\/types\/page"}],"author":[{"embeddable":true,"href":"https:\/\/c-s-s.website\/de\/wp-json\/wp\/v2\/users\/1"}],"replies":[{"embeddable":true,"href":"https:\/\/c-s-s.website\/de\/wp-json\/wp\/v2\/comments?post=605"}],"version-history":[{"count":13,"href":"https:\/\/c-s-s.website\/de\/wp-json\/wp\/v2\/pages\/605\/revisions"}],"predecessor-version":[{"id":2148,"href":"https:\/\/c-s-s.website\/de\/wp-json\/wp\/v2\/pages\/605\/revisions\/2148"}],"wp:attachment":[{"href":"https:\/\/c-s-s.website\/de\/wp-json\/wp\/v2\/media?parent=605"}],"curies":[{"name":"wp","href":"https:\/\/api.w.org\/{rel}","templated":true}]}}