{"id":626,"date":"2015-07-02T20:34:50","date_gmt":"2015-07-02T19:34:50","guid":{"rendered":"https:\/\/c-s-s.website\/download-2\/"},"modified":"2020-08-01T10:24:02","modified_gmt":"2020-08-01T08:24:02","slug":"download","status":"publish","type":"page","link":"https:\/\/c-s-s.website\/de\/download\/","title":{"rendered":"Download"},"content":{"rendered":"<p>[et_pb_section fb_built=&#8220;1&#8243; custom_padding_last_edited=&#8220;on|desktop&#8220; admin_label=&#8220;section&#8220; _builder_version=&#8220;3.22&#8243; custom_padding_tablet=&#8220;50px|0|50px|0&#8243; custom_padding_phone=&#8220;&#8220; transparent_background=&#8220;off&#8220; padding_mobile=&#8220;off&#8220; make_fullwidth=&#8220;off&#8220; use_custom_width=&#8220;off&#8220; width_unit=&#8220;off&#8220; custom_width_px=&#8220;1080px&#8220; custom_width_percent=&#8220;80%&#8220;][et_pb_row padding_mobile=&#8220;off&#8220; column_padding_mobile=&#8220;on&#8220; admin_label=&#8220;row&#8220; module_class=&#8220; et_pb_row_fullwidth&#8220; _builder_version=&#8220;3.25&#8243; background_size=&#8220;initial&#8220; background_position=&#8220;top_left&#8220; background_repeat=&#8220;repeat&#8220; width=&#8220;89%&#8220; width_tablet=&#8220;80%&#8220; width_last_edited=&#8220;on|desktop&#8220; max_width=&#8220;89%&#8220; max_width_tablet=&#8220;80%&#8220; max_width_last_edited=&#8220;on|desktop&#8220; make_fullwidth=&#8220;on&#8220; use_custom_width=&#8220;off&#8220; width_unit=&#8220;on&#8220; custom_width_px=&#8220;1080px&#8220; custom_width_percent=&#8220;80%&#8220;][et_pb_column type=&#8220;4_4&#8243; _builder_version=&#8220;3.25&#8243; custom_padding=&#8220;|||&#8220; custom_padding__hover=&#8220;|||&#8220;][et_pb_text _builder_version=&#8220;3.27.4&#8243; background_size=&#8220;initial&#8220; background_position=&#8220;top_left&#8220; background_repeat=&#8220;repeat&#8220; text_orientation=&#8220;justified&#8220; use_border_color=&#8220;off&#8220; border_style=&#8220;solid&#8220;]<\/p>\n<h3 style=\"text-align: center;\"><span style=\"color: #000000;\">Studienmaterial zum Herunterladen<\/span><\/h3>\n<p style=\"text-align: center;\"><span style=\"color: #ffffff;\">_<\/span><\/p>\n<p style=\"text-align: justify;\"><span style=\"color: #000000;\">Das hier zum Download bereitgestellte Material ist in der Absicht erstellt worden, die konkordante Arbeit in unkomplizierter Weise, plattformunabh\u00e4ngig und praktisch auf allen digitalen Ger\u00e4ten nutzbar zur Verf\u00fcgung zu stellen. Es ist s\u00e4mtlich urheberrechtlich gesch\u00fctzt, kann kostenlos heruntergeladen, kopiert, gedruckt und in den vorliegenden Fassungen auch weitergereicht werden, zum pers\u00f6nlichen Gebrauch, nicht aber zur Wiederver\u00f6ffentlichung. Ver\u00e4u\u00dferungen sind ausdr\u00fccklich ausgeschlossen, ebenso das In-Umlauf-bringen ge\u00e4nderter Versionen.<\/span><\/p>\n<p style=\"text-align: justify;\"><span style=\"text-decoration: underline;\">Ver\u00f6ffentlichungen und Bereitstellungen zum Download sind nur \u00fcber <a href=\"http:\/\/c-s-s.website\" target=\"_blank\" rel=\"noopener noreferrer\"><em>c-s-s.website<\/em><\/a> zul\u00e4ssig<\/span>, kostenlose Updates sind inklusive.<\/p>\n<p style=\"text-align: justify;\">Um sicher zu gehen, immer die neueste Wiedergabe in Verwendung zu haben, empfehlen wir, <a href=\"http:\/\/c-s-s.website\" target=\"_blank\" rel=\"noopener noreferrer\"><em>c-s-s.website<\/em><\/a> von Zeit zu Zeit aufzusuchen und nach aktualisierten und neuen Ausgaben zu schauen.<\/p>\n<p>[\/et_pb_text][\/et_pb_column][\/et_pb_row][\/et_pb_section][et_pb_section fb_built=&#8220;1&#8243; custom_padding_last_edited=&#8220;on|desktop&#8220; admin_label=&#8220;section&#8220; _builder_version=&#8220;3.22&#8243; background_color=&#8220;#daa520&#8243; custom_padding_tablet=&#8220;50px|0|50px|0&#8243; custom_padding_phone=&#8220;&#8220; transparent_background=&#8220;off&#8220; padding_mobile=&#8220;off&#8220; make_fullwidth=&#8220;off&#8220; use_custom_width=&#8220;off&#8220; width_unit=&#8220;on&#8220; custom_width_px=&#8220;1080px&#8220; custom_width_percent=&#8220;80%&#8220;][et_pb_row padding_mobile=&#8220;off&#8220; column_padding_mobile=&#8220;on&#8220; admin_label=&#8220;row&#8220; module_class=&#8220; et_pb_row_fullwidth&#8220; _builder_version=&#8220;3.25&#8243; background_size=&#8220;initial&#8220; background_position=&#8220;top_left&#8220; background_repeat=&#8220;repeat&#8220; width=&#8220;89%&#8220; width_tablet=&#8220;80%&#8220; width_last_edited=&#8220;on|desktop&#8220; max_width=&#8220;89%&#8220; max_width_tablet=&#8220;80%&#8220; max_width_last_edited=&#8220;on|desktop&#8220; make_fullwidth=&#8220;on&#8220; use_custom_width=&#8220;off&#8220; width_unit=&#8220;on&#8220; custom_width_px=&#8220;1080px&#8220; custom_width_percent=&#8220;80%&#8220; column_structure=&#8220;1_2,1_2&#8243;][et_pb_column type=&#8220;1_2&#8243; _builder_version=&#8220;3.25&#8243; custom_padding=&#8220;|||&#8220; custom_padding__hover=&#8220;|||&#8220;][et_pb_blurb title=&#8220;Griechisch&#8220; image=&#8220;https:\/\/c-s-s.website\/wp-content\/uploads\/2015\/07\/logo_CSS_small_white.png&#8220; image_max_width=&#8220;none&#8220; _builder_version=&#8220;3.0.87&#8243; background_size=&#8220;initial&#8220; background_position=&#8220;top_left&#8220; background_repeat=&#8220;repeat&#8220; text_orientation=&#8220;center&#8220; background_layout=&#8220;dark&#8220; animation=&#8220;off&#8220; custom_css_blurb_title=&#8220;font-family: &#8218;Open Sans&#8216;, sans-serif;&#8220; use_border_color=&#8220;off&#8220; border_color=&#8220;#ffffff&#8220; border_width=&#8220;1px&#8220; border_style=&#8220;solid&#8220;]&nbsp;<br \/>\n[\/et_pb_blurb][et_pb_tabs _builder_version=&#8220;4.5.2&#8243; background_size=&#8220;initial&#8220; background_position=&#8220;top_left&#8220; background_repeat=&#8220;repeat&#8220; hover_enabled=&#8220;0&#8243; use_border_color=&#8220;off&#8220;][et_pb_tab title=&#8220;KIW_NT&#8220; _builder_version=&#8220;3.0.95&#8243; body_font=&#8220;||||&#8220; body_line_height=&#8220;2em&#8220; tab_font=&#8220;||||&#8220; tab_line_height=&#8220;2em&#8220; body_line_height_tablet=&#8220;2em&#8220; body_line_height_phone=&#8220;2em&#8220; tab_line_height_tablet=&#8220;2em&#8220; tab_line_height_phone=&#8220;2em&#8220;]<\/p>\n<p style=\"text-align: center;\"><em><a href=\"https:\/\/c-s-s.website\/wp-content\/uploads\/2018\/01\/KIW_NT.de_.pdf\" target=\"_blank\" rel=\"noopener noreferrer\">Konkordante Interlinear-Wiedergabe der Heiligen Schriften des sog. Neuen Testaments<\/a><\/em><\/p>\n<p style=\"text-align: center;\"><span style=\"color: #000000;\">mit Konkordantem Griechischen Text (GNT-C), Transliteriertem Griechisch (gnt-c_t), Konkordanter Griechisch-Deutscher Unterzeilung (cles.de), Konkordantem Parsing (parsing-c.de), Transliterierten Griechischen Grundformen (lemma_t), Deutschen Standards und Varianten (std-1.de), sowie Konkordanter \u00dcbersetzung (KNT, 6. Auflage).<\/span><\/p>\n<p style=\"text-align: center;\"><span style=\"color: #000000;\">[13.01.2018]<\/span><\/p>\n<p>[\/et_pb_tab][et_pb_tab title=&#8220;KIW_NT_Studium&#8220; _builder_version=&#8220;3.0.95&#8243; body_font=&#8220;||||&#8220; body_line_height=&#8220;2em&#8220; tab_font=&#8220;||||&#8220; tab_line_height=&#8220;2em&#8220; body_line_height_tablet=&#8220;2em&#8220; body_line_height_phone=&#8220;2em&#8220; tab_line_height_tablet=&#8220;2em&#8220; tab_line_height_phone=&#8220;2em&#8220;]<\/p>\n<p style=\"text-align: center;\"><em><a href=\"https:\/\/c-s-s.website\/wp-content\/uploads\/2018\/01\/KIW_NT_Studium.de_.pdf\" target=\"_blank\" rel=\"noopener noreferrer\">Studienausgabe Konkordante Interlinear-Wiedergabe der Heiligen Schriften des sog. Neuen Testaments<\/a><\/em><\/p>\n<p style=\"text-align: center;\"><span style=\"color: #000000;\">mit Konkordantem Griechischen Text (GNT-C), Konkordanter Griechisch-Deutscher Unterzeilung (cles.de), Konkordantem Parsing (parsing-c.de), Griechischen Grundformen (lemma), Deutschen Standards und Varianten (std-1b.de), Griechischen Elementen (elements) und deren Deutschen \u00c4quivalenten (std-2.de), sowie Konkordanter \u00dcbersetzung (KWNT, 4. Auflage).<\/span><\/p>\n<p style=\"text-align: center;\"><span style=\"color: #000000;\">[<\/span><span style=\"color: #000000;\">13.01.2018]<\/span><\/p>\n<p>[\/et_pb_tab][et_pb_tab title=&#8220;Parsing&#8220; _builder_version=&#8220;3.0.95&#8243;]<\/p>\n<p style=\"text-align: center;\"><em><a href=\"https:\/\/c-s-s.website\/wp-content\/uploads\/2018\/01\/Konk_Parsing_K\u00fcrzel.pdf\" target=\"_blank\" rel=\"noopener noreferrer\">K\u00fcrzel Konkordantes Parsing<\/a><\/em><\/p>\n<p style=\"text-align: center;\"><span style=\"color: #000000;\">Eine \u00dcbersicht der K\u00fcrzel der verschiedenen Wortarten im Konkordanten Parsing der griechischen Heiligen Schrift.<\/span><\/p>\n<p style=\"text-align: center;\"><span style=\"color: #000000;\">[13.01.2018]<\/span><\/p>\n<p>[\/et_pb_tab][et_pb_tab title=&#8220;Grammatik&#8220; _builder_version=&#8220;4.5.2&#8243; hover_enabled=&#8220;0&#8243;]<\/p>\n<p style=\"text-align: center;\"><em><a href=\"https:\/\/c-s-s.website\/wp-content\/uploads\/2020\/08\/Einf\u00fchrung_Konk_Gram.pdf\" target=\"_blank\" rel=\"noopener noreferrer\">Einf\u00fchrung Konkordante Grammatik<\/a><\/em><\/p>\n<p style=\"text-align: center;\"><span style=\"color: #000000;\">Tabellarische \u00dcbersicht der grammatischen Formen der griechischen Heiligen Schrift.<\/span><\/p>\n<p style=\"text-align: center;\"><span style=\"color: #000000;\">[31.08.2015]<\/span><\/p>\n<p>[\/et_pb_tab][et_pb_tab title=&#8220;Wortbau&#8220; _builder_version=&#8220;3.0.95&#8243;]<\/p>\n<p style=\"text-align: center;\"><em><a href=\"https:\/\/c-s-s.website\/wp-content\/uploads\/2015\/09\/Einf\u00fchrung_Wb.pdf\" target=\"_blank\" rel=\"noopener noreferrer\">Einf\u00fchrung Wortbau<\/a><\/em><\/p>\n<p style=\"text-align: center;\"><span style=\"color: #000000;\">Tabellarische Darstellung der verschiedenen griechischen Nachsilben und ihrer Bedeutung im Deutschen.<\/span><\/p>\n<p style=\"text-align: center;\"><span style=\"color: #000000;\">[31.08.2015]<\/span><\/p>\n<p>[\/et_pb_tab][\/et_pb_tabs][\/et_pb_column][et_pb_column type=&#8220;1_2&#8243; _builder_version=&#8220;3.25&#8243; custom_padding=&#8220;|||&#8220; custom_padding__hover=&#8220;|||&#8220;][et_pb_blurb title=&#8220;Hebr\u00e4isch&#8220; image=&#8220;https:\/\/c-s-s.website\/wp-content\/uploads\/2015\/07\/logo_CSS_small_white.png&#8220; image_max_width=&#8220;none&#8220; _builder_version=&#8220;3.0.87&#8243; background_size=&#8220;initial&#8220; background_position=&#8220;top_left&#8220; background_repeat=&#8220;repeat&#8220; text_orientation=&#8220;center&#8220; background_layout=&#8220;dark&#8220; animation=&#8220;off&#8220; custom_css_blurb_title=&#8220;font-family: &#8218;Open Sans&#8216;, sans-serif;&#8220; use_border_color=&#8220;off&#8220; border_color=&#8220;#ffffff&#8220; border_width=&#8220;1px&#8220; border_style=&#8220;solid&#8220;]&nbsp;<br \/>\n[\/et_pb_blurb][et_pb_tabs _builder_version=&#8220;3.0.87&#8243; background_size=&#8220;initial&#8220; background_position=&#8220;top_left&#8220; background_repeat=&#8220;repeat&#8220; use_border_color=&#8220;off&#8220; border_color=&#8220;#ffffff&#8220; border_width=&#8220;1px&#8220; border_style=&#8220;solid&#8220;][et_pb_tab title=&#8220;KIW_AT&#8220; _builder_version=&#8220;3.0.48&#8243; background_size=&#8220;initial&#8220; background_position=&#8220;top_left&#8220; background_repeat=&#8220;repeat&#8220;]<\/p>\n<p style=\"text-align: center;\"><span style=\"color: #000000;\">Leider k\u00f6nnen wir im Moment noch kein Studienmaterial zu den hebr\u00e4ischen\/aram\u00e4ischen Heiligen Schriften bereitstellen.<\/span><\/p>\n<p>[\/et_pb_tab][\/et_pb_tabs][\/et_pb_column][\/et_pb_row][\/et_pb_section][et_pb_section fb_built=&#8220;1&#8243; custom_padding_last_edited=&#8220;on|desktop&#8220; admin_label=&#8220;section&#8220; _builder_version=&#8220;3.22&#8243; custom_padding_tablet=&#8220;50px|0|50px|0&#8243; custom_padding_phone=&#8220;&#8220; transparent_background=&#8220;off&#8220; padding_mobile=&#8220;off&#8220; make_fullwidth=&#8220;off&#8220; use_custom_width=&#8220;off&#8220; width_unit=&#8220;off&#8220; custom_width_px=&#8220;1080px&#8220; custom_width_percent=&#8220;80%&#8220;][et_pb_row padding_mobile=&#8220;off&#8220; column_padding_mobile=&#8220;on&#8220; admin_label=&#8220;row&#8220; module_class=&#8220; et_pb_row_fullwidth&#8220; _builder_version=&#8220;3.25&#8243; background_size=&#8220;initial&#8220; background_position=&#8220;top_left&#8220; background_repeat=&#8220;repeat&#8220; width=&#8220;89%&#8220; width_tablet=&#8220;80%&#8220; width_last_edited=&#8220;on|desktop&#8220; max_width=&#8220;89%&#8220; max_width_tablet=&#8220;80%&#8220; max_width_last_edited=&#8220;on|desktop&#8220; make_fullwidth=&#8220;on&#8220; use_custom_width=&#8220;off&#8220; width_unit=&#8220;on&#8220; custom_width_px=&#8220;1080px&#8220; custom_width_percent=&#8220;80%&#8220;][et_pb_column type=&#8220;4_4&#8243; _builder_version=&#8220;3.25&#8243; custom_padding=&#8220;|||&#8220; custom_padding__hover=&#8220;|||&#8220;][et_pb_divider show_divider=&#8220;off&#8220; disabled_on=&#8220;on|on|off&#8220; _builder_version=&#8220;3.2&#8243; hide_on_mobile=&#8220;on&#8220;]&nbsp;<br \/>\n[\/et_pb_divider][\/et_pb_column][\/et_pb_row][\/et_pb_section]<\/p>\n","protected":false},"excerpt":{"rendered":"<p>Studienmaterial zum Herunterladen _ Das hier zum Download bereitgestellte Material ist in der Absicht erstellt worden, die konkordante Arbeit in unkomplizierter Weise, plattformunabh\u00e4ngig und praktisch auf allen digitalen Ger\u00e4ten nutzbar zur Verf\u00fcgung zu stellen. Es ist s\u00e4mtlich urheberrechtlich gesch\u00fctzt, kann kostenlos heruntergeladen, kopiert, gedruckt und in den vorliegenden Fassungen auch weitergereicht werden, zum pers\u00f6nlichen Gebrauch, [&hellip;]<\/p>\n","protected":false},"author":1,"featured_media":0,"parent":0,"menu_order":0,"comment_status":"closed","ping_status":"closed","template":"","meta":{"_et_pb_use_builder":"on","_et_pb_old_content":"","_et_gb_content_width":"","footnotes":""},"class_list":["post-626","page","type-page","status-publish","hentry"],"_links":{"self":[{"href":"https:\/\/c-s-s.website\/de\/wp-json\/wp\/v2\/pages\/626","targetHints":{"allow":["GET"]}}],"collection":[{"href":"https:\/\/c-s-s.website\/de\/wp-json\/wp\/v2\/pages"}],"about":[{"href":"https:\/\/c-s-s.website\/de\/wp-json\/wp\/v2\/types\/page"}],"author":[{"embeddable":true,"href":"https:\/\/c-s-s.website\/de\/wp-json\/wp\/v2\/users\/1"}],"replies":[{"embeddable":true,"href":"https:\/\/c-s-s.website\/de\/wp-json\/wp\/v2\/comments?post=626"}],"version-history":[{"count":29,"href":"https:\/\/c-s-s.website\/de\/wp-json\/wp\/v2\/pages\/626\/revisions"}],"predecessor-version":[{"id":2432,"href":"https:\/\/c-s-s.website\/de\/wp-json\/wp\/v2\/pages\/626\/revisions\/2432"}],"wp:attachment":[{"href":"https:\/\/c-s-s.website\/de\/wp-json\/wp\/v2\/media?parent=626"}],"curies":[{"name":"wp","href":"https:\/\/api.w.org\/{rel}","templated":true}]}}