{"id":684,"date":"2015-07-02T21:41:54","date_gmt":"2015-07-02T20:41:54","guid":{"rendered":"https:\/\/c-s-s.website\/impressum-2\/"},"modified":"2019-07-01T23:32:41","modified_gmt":"2019-07-01T21:32:41","slug":"impressum","status":"publish","type":"page","link":"https:\/\/c-s-s.website\/de\/impressum\/","title":{"rendered":"Impressum"},"content":{"rendered":"<p>[et_pb_section fb_built=&#8220;1&#8243; _builder_version=&#8220;3.22.3&#8243;][et_pb_row padding_mobile=&#8220;off&#8220; module_class=&#8220; et_pb_row_fullwidth&#8220; _builder_version=&#8220;3.25&#8243; background_size=&#8220;initial&#8220; background_position=&#8220;top_left&#8220; background_repeat=&#8220;repeat&#8220; width=&#8220;89%&#8220; width_tablet=&#8220;80%&#8220; width_last_edited=&#8220;on|desktop&#8220; max_width=&#8220;89%&#8220; max_width_tablet=&#8220;80%&#8220; max_width_last_edited=&#8220;on|desktop&#8220; make_fullwidth=&#8220;on&#8220; use_custom_width=&#8220;off&#8220; width_unit=&#8220;on&#8220;][et_pb_column type=&#8220;4_4&#8243; _builder_version=&#8220;3.25&#8243; custom_padding=&#8220;|||&#8220; custom_padding__hover=&#8220;|||&#8220;][et_pb_text _builder_version=&#8220;3.25.3&#8243; background_size=&#8220;initial&#8220; background_position=&#8220;top_left&#8220; background_repeat=&#8220;repeat&#8220; text_orientation=&#8220;justified&#8220; use_border_color=&#8220;off&#8220;]<\/p>\n<p style=\"text-align: justify;\"><span style=\"color: #000000;\">Konkordante Schrift-Forschung<\/span><\/p>\n<p style=\"text-align: justify;\"><span style=\"color: #000000;\">Gernot R\u00fcdiger Frey &amp; Menno Haaijman<\/span><\/p>\n<p style=\"text-align: justify;\"><span style=\"color: #000000;\">Eichenstra\u00dfe 1, 96465 Neustadt, Deutschland \/ Katwijk aan Zee, Niederlande<\/span><\/p>\n<p style=\"text-align: justify;\"><span style=\"color: #000000;\">E-Mail: antwort[AT]c-s-s.website. <\/span><span style=\"color: #000000;\">Anmerkung: Wir versichern gerne, alle E-Mails zu lesen, die uns erreichen m\u00f6gen, k\u00f6nnen aber nicht versprechen, diese s\u00e4mtlich zu beantworten, da wir unsere Zeit und Kraft f\u00fcr den Dienst ben\u00f6tigen, den wir von unserem Herrn erhalten haben.<\/span><\/p>\n<p style=\"text-align: justify;\"><span style=\"color: #000000;\">Internet: c-s-s.website<\/span><\/p>\n<p style=\"text-align: justify;\"><span style=\"color: #000000;\">Inhaltlich Verantwortlicher gem\u00e4\u00df \u00a7 55 Abs. 2 RStV, Deutschland: Gernot R\u00fcdiger Frey.<\/span><\/p>\n<p style=\"text-align: justify;\"><span style=\"color: #000000;\">Haftungshinweis: Trotz sorgf\u00e4ltiger inhaltlicher Kontrolle \u00fcbernehmen wir keine Haftung f\u00fcr die Inhalte externer Links. F\u00fcr den Inhalt der verlinkten Seiten sind ausschlie\u00dflich deren Betreiber verantwortlich.<\/span><\/p>\n<p style=\"text-align: justify;\"><span style=\"color: #000000;\">\u00a9 2019 Gernot R\u00fcdiger Frey \/ Menno Haaijman, alle Rechte vorbehalten.<\/span><\/p>\n<p>[\/et_pb_text][\/et_pb_column][\/et_pb_row][\/et_pb_section]<\/p>\n","protected":false},"excerpt":{"rendered":"<p>Konkordante Schrift-Forschung Gernot R\u00fcdiger Frey &amp; Menno Haaijman Eichenstra\u00dfe 1, 96465 Neustadt, Deutschland \/ Katwijk aan Zee, Niederlande E-Mail: antwort[AT]c-s-s.website. Anmerkung: Wir versichern gerne, alle E-Mails zu lesen, die uns erreichen m\u00f6gen, k\u00f6nnen aber nicht versprechen, diese s\u00e4mtlich zu beantworten, da wir unsere Zeit und Kraft f\u00fcr den Dienst ben\u00f6tigen, den wir von unserem Herrn [&hellip;]<\/p>\n","protected":false},"author":1,"featured_media":0,"parent":0,"menu_order":0,"comment_status":"closed","ping_status":"closed","template":"","meta":{"_et_pb_use_builder":"on","_et_pb_old_content":"","_et_gb_content_width":"","footnotes":""},"class_list":["post-684","page","type-page","status-publish","hentry"],"_links":{"self":[{"href":"https:\/\/c-s-s.website\/de\/wp-json\/wp\/v2\/pages\/684","targetHints":{"allow":["GET"]}}],"collection":[{"href":"https:\/\/c-s-s.website\/de\/wp-json\/wp\/v2\/pages"}],"about":[{"href":"https:\/\/c-s-s.website\/de\/wp-json\/wp\/v2\/types\/page"}],"author":[{"embeddable":true,"href":"https:\/\/c-s-s.website\/de\/wp-json\/wp\/v2\/users\/1"}],"replies":[{"embeddable":true,"href":"https:\/\/c-s-s.website\/de\/wp-json\/wp\/v2\/comments?post=684"}],"version-history":[{"count":12,"href":"https:\/\/c-s-s.website\/de\/wp-json\/wp\/v2\/pages\/684\/revisions"}],"predecessor-version":[{"id":2363,"href":"https:\/\/c-s-s.website\/de\/wp-json\/wp\/v2\/pages\/684\/revisions\/2363"}],"wp:attachment":[{"href":"https:\/\/c-s-s.website\/de\/wp-json\/wp\/v2\/media?parent=684"}],"curies":[{"name":"wp","href":"https:\/\/api.w.org\/{rel}","templated":true}]}}